{"id":2521,"date":"2016-07-22T06:42:14","date_gmt":"2016-07-22T06:42:14","guid":{"rendered":"http:\/\/linktravel.rs\/?page_id=2521"},"modified":"2020-12-22T13:50:19","modified_gmt":"2020-12-22T13:50:19","slug":"usluge-poslovna-putovanja","status":"publish","type":"page","link":"https:\/\/linktravel.rs\/sr\/services\/usluge-poslovna-putovanja\/","title":{"rendered":"Poslovna putovanja"},"content":{"rendered":"<div data-stellar-background-ratio=\"0.5\" class=\"mp-row-fluid motopress-row motopress-row-parallax mp-row-fullheight mp-row-fullwidth-content mpce-dsbl-margin-left mpce-dsbl-margin-right\" style=\"background-image:url(&quot;https:\/\/linktravel.rs\/wp-content\/uploads\/2020\/12\/one-day-business-trips.jpg&quot;);background-size:cover;\">\n<div class=\"motopress-clmn mp-span12  mpce-dsbl-margin-left mpce-dsbl-margin-right\">\n<div class=\"mp-row-fluid motopress-row mpce-dsbl-margin-left mpce-dsbl-margin-right\">\n<div class=\"motopress-clmn mp-span12 mpce-dsbl-margin-left mpce-dsbl-margin-right\">\n<div class=\"motopress-text-obj\">\n<h2 style=\"text-align: center;\"><span style=\"color: #ffffff; font-size: 48px;\">POSLOVNA PUTOVANJA<\/span><\/h2>\n<\/div>\n<\/div>\n<\/div>\n<\/div>\n<\/div>\n<div class=\"mp-row-fluid motopress-row mpce-dsbl-margin-left mpce-dsbl-margin-right motopress-margin-top-50\">\n<div class=\"motopress-clmn mp-span12  mpce-dsbl-margin-left mpce-dsbl-margin-right\">\n<p><span style=\"font-weight: 400;\">Kao Partner BCD Travel-a jedne od vode\u0107ih globalnih TMC kompanija (Travel Management Company) specijalizovani smo za upravljanje poslovnim putovanjima. Vodimo se me\u0111unarodnim standardima, a u skladu sa internim pravilima i procedurama svakog pojedina\u010dnog klijenta. Mi preuzimamo brigu o organizaciji raznovrsnih poslovnih putovanja za invidiualne putnike, mala preduze\u0107a, multinacionalne kompanije, organizacije i institucije. Slo\u017eeno \u010dinimo lak\u0161im i udobnijim. Putniku omogu\u0107avamo da se bezbri\u017eno posveti svojoj poslovnoj obavezi tokom putovanja.<\/span><\/p>\n<p><span style=\"font-weight: 400;\">Sara\u0111ujemo sa vode\u0107im svetskim i regionalnim avio kompanijama, hotelima, prevoznicima, rent a car kompanijama. Asistiramo prilikom prijave za kongrese ili u\u010de\u0161\u0107e na doga\u0111ajima i apliciranja za vizu. Koristimo savremena svetska tehnolo\u0161ka re\u0161enja koja nam omogu\u0107avaju pronala\u017eenje optimalnih re\u0161enja prilikom kreiranja putovanja. Kvalitetno i precizno upravljamo rezervacijama i podacima. Efikasna podr\u0161ka koju pru\u017eamo pre, tokom i posle putovanja podrazumeva ne samo kontakt sa \u010dlanom na\u0161eg tima ve\u0107 i napredne tehnike i alate za analizu podataka od zna\u010daja za unapre\u0111enje organizacije i pobolj\u0161anje poslovanja. Generisani podaci o putovanjima se automatski obra\u0111uju kako bi se obezbedilo odgovaraju\u0107e izve\u0161tavanje koje predstavlja kvalitetnu bazu za upravljanje podacima na\u0161ih poslovnih korisnika.<\/span><\/p>\n<\/div>\n<\/div>","protected":false},"excerpt":{"rendered":"","protected":false},"author":1,"featured_media":0,"parent":2072,"menu_order":0,"comment_status":"closed","ping_status":"closed","template":"page-fullwidth.php","meta":{"footnotes":""},"class_list":["post-2521","page","type-page","status-publish","hentry"],"_links":{"self":[{"href":"https:\/\/linktravel.rs\/sr\/wp-json\/wp\/v2\/pages\/2521","targetHints":{"allow":["GET"]}}],"collection":[{"href":"https:\/\/linktravel.rs\/sr\/wp-json\/wp\/v2\/pages"}],"about":[{"href":"https:\/\/linktravel.rs\/sr\/wp-json\/wp\/v2\/types\/page"}],"author":[{"embeddable":true,"href":"https:\/\/linktravel.rs\/sr\/wp-json\/wp\/v2\/users\/1"}],"replies":[{"embeddable":true,"href":"https:\/\/linktravel.rs\/sr\/wp-json\/wp\/v2\/comments?post=2521"}],"version-history":[{"count":0,"href":"https:\/\/linktravel.rs\/sr\/wp-json\/wp\/v2\/pages\/2521\/revisions"}],"up":[{"embeddable":true,"href":"https:\/\/linktravel.rs\/sr\/wp-json\/wp\/v2\/pages\/2072"}],"wp:attachment":[{"href":"https:\/\/linktravel.rs\/sr\/wp-json\/wp\/v2\/media?parent=2521"}],"curies":[{"name":"wp","href":"https:\/\/api.w.org\/{rel}","templated":true}]}}